{"id":4678,"date":"2019-09-18T08:22:12","date_gmt":"2019-09-18T08:22:12","guid":{"rendered":"https:\/\/www.spenle-international.com\/privacy-policy\/"},"modified":"2024-02-09T15:21:30","modified_gmt":"2024-02-09T15:21:30","slug":"datenschutzerklaerung","status":"publish","type":"page","link":"https:\/\/www.spenle-international.com\/de\/datenschutzerklaerung\/","title":{"rendered":"Datenschutzerkl\u00e4rung"},"content":{"rendered":"\n<h2 class=\"wp-block-heading\">DATENSCHUTZERKL\u00c4RUNG<\/h2>\n\n\n\n<p> <\/p>\n\n\n\n<p>Diese Datenschutzrichtlinie legt die Nutzungsbedingungen der Website &nbsp;https:\/\/www.spenle-international.com fest und regelt, wie die Firma SPENLE DEVELOPPEMENT personenbezogene Daten erhebt, verwendet, offenlegt, \u00fcbertr\u00e4gt und speichert.<\/p>\n\n\n\n<p>Die Erhebung personenbezogener Kundendaten erfolgt gem\u00e4\u00df den Vorschriften zur Marketingkommunikation, dem franz\u00f6sischen Gesetz vom 21. Juni 2014 \u00fcber das Vertrauen in die digitale Wirtschaft, dem franz\u00f6sischen Datenschutzgesetz vom 6. August 2004 sowie der Allgemeinen Datenschutz-Grundverordnung (DSGVO).\r\nZweck dieser Datenschutzerkl\u00e4rung ist es, den Kunden der Firma SPENLE DEVELOPPEMENT mitzuteilen, wie ihre pers\u00f6nlichen Daten erhoben, verwendet und gesch\u00fctzt werden.\r\n<\/p>\n\n\n\n<p>Die Firma SPENLE DEVELOPPEMENT beh\u00e4lt sich das Recht vor, diese Datenschutzerkl\u00e4rung zu \u00e4ndern.\r\n\r\nIm Falle einer wesentlichen \u00c4nderung dieser Datenschutzerkl\u00e4rung verpflichtet sich die Firma SPENLE DEVELOPPEMENT, mindestens 30 Tage vor Inkrafttreten der genannten \u00c4nderungen eine Mitteilung auf ihrer Website https:\/\/www.spenle-international.com zu ver\u00f6ffentlichen.\r\n\r\nDurch die weitere Nutzung der genannten Website nach Inkrafttreten der \u00c4nderungen gilt die Zustimmung des Kunden als erteilt.<\/p>\n\n\n\n<p>Die Website https:\/\/www.spenle-international.com kann aufgerufen werden, ohne dass der Kunde seine Identit\u00e4t oder andere ihn betreffende pers\u00f6nliche Informationen preisgeben muss.\r\n\r\nDer Kunde ist keinesfalls zur \u00dcbertragung seiner pers\u00f6nlichen Daten beim Navigieren auf der Website https:\/\/www.spenle-international.com verpflichtet.\r\n\r\nDie Firma SPENLE DEVELOPPEMENT ist eine Gesellschaft mit beschr\u00e4nkter Haftung franz\u00f6sischen Rechts mit Sitz in Terrasse Rh\u00f4ne Alpes, 4, ZAC Les Terrasses de la Sarre, 57400 SARREBOURG, FRANKREICH.<\/p>\n\n\n\n<hr class=\"wp-block-separator has-css-opacity\"\/>\n\n\n\n<h5 class=\"wp-block-heading\">01. Identit\u00e4t des Verantwortlichen f\u00fcr die Erhebung personenbezogener Daten:<\/h5>\n\n\n\n<p>Personenbezogene Daten, die w\u00e4hrend meiner Navigation auf der Website https:\/\/www.spenle-international.com erhoben wurden.<\/p>\n\n\n\n<p>F\u00fcr die Verarbeitung personenbezogener Daten ist Herr Pascal SPENLE, gesetzlicher Vertreter der Firma SPENLE DEVELOPPEMENT, zust\u00e4ndig.\r\n<\/p>\n\n\n\n<p><strong>Adresse<\/strong>: Terrasse Rh\u00f4ne Alpes<br>4, ZAC les terrasses de la Sarre, 57400 SARREBOURG.<br><strong>Telefon<\/strong>: +33 (0)3 87 25 78 00<br><strong>E-Mail<\/strong>: info@spenle-international.com<\/p>\n\n\n\n<p>Der Datenschutzbeauftragte ist Herr Pascal SPENLE, dessen E-Mail-Adresse lautet: info@spenle-international.com\r\n<\/p>\n\n\n\n<hr class=\"wp-block-separator has-css-opacity\"\/>\n\n\n\n<h5 class=\"wp-block-heading\">02. Zweck der erhobenen Daten:<\/h5>\n\n\n\n<p>Die Firma SPENLE DEVELOPPEMENT ist berechtigt, die personenbezogenen Daten ihrer Kunden ganz oder teilweise f\u00fcr folgende Zwecke zu verarbeiten und zu nutzen:\r\n<\/p>\n\n\n\n<ul class=\"wp-block-list\">\n<li>Zulassen der Navigation auf der Website https:\/\/www.spenle-international.com : Login- und Nutzungsdaten der Website.<\/li>\n\n\n\n<li>Zur Verhinderung und Bek\u00e4mpfung von Computerbetrug (Spamming, Hacking\u2026): Hardware f\u00fcr die Navigation, IP-Adresse\n<\/li>\n\n\n\n<li>Verbesserung der Navigation auf der Website https:\/\/www.spenle-international.com : Login- und Nutzungsdaten<\/li>\n\n\n\n<li>Zur Durchf\u00fchrung von Kommunikationskampagnen: Erfassung der Telefonnummer, E-Mail-Adresse und Identit\u00e4t der Kunden, die sich \u00fcber das Kontaktformular angemeldet haben.\n<\/li>\n<\/ul>\n\n\n\n<hr class=\"wp-block-separator has-css-opacity\"\/>\n\n\n\n<h5 class=\"wp-block-heading\">03.  <strong>Welche Daten werden zu welchem Zeitpunkt erfasst<\/strong>: <\/h5>\n\n\n\n<p>Die Website https:\/\/www.spenle-international.com ist die elektronische Visitenkarte der Firma SPENLE DEVELOPPEMENT und ihrer vermarkteten Produkte.<\/p>\n\n\n\n<p>Die Firma SPENLE DEVELOPPEMENT kann die pers\u00f6nlichen Daten ihrer Kunden erheben:\r\n<\/p>\n\n\n\n<ul class=\"wp-block-list\">\n<li>Wenn der Kunde auf der Website https:\/\/www.spenle-international.com navigiert;<\/li>\n\n\n\n<li>Die erfassten Daten sind: Name, Vorname, Firmenname, Adresse, Postleitzahl, E-Mail-Adresse, Telefonnummer, IP-Adresse, Login- und Nutzungsdaten.<\/li>\n<\/ul>\n\n\n\n<p>Mit der vollst\u00e4ndigen Bereitstellung der oben aufgef\u00fchrten Informationen erkl\u00e4rt sich der Kunde damit einverstanden, dass diese von der Firma SPENLE DEVELOPPEMENT zu den oben genannten Zwecken erhoben und verarbeitet werden.\r\n<\/p>\n\n\n\n<p>Die Firma SPENLE DEVELOPPEMENT verpflichtet sich, die bei ihren Kunden oder Dienstleistern erhobenen personenbezogenen Daten nicht zu vermarkten.\r\n<\/p>\n\n\n\n<p>Diese personenbezogenen Daten werden ausschlie\u00dflich f\u00fcr die oben genannten Zwecke oder f\u00fcr statistische und analytische Zwecke verwendet.\r\n<\/p>\n\n\n\n<hr class=\"wp-block-separator has-css-opacity\"\/>\n\n\n\n<h5 class=\"wp-block-heading\">04.  Verwendung von Cookies und Tags:<\/h5>\n\n\n\n<p>Durch die Navigation auf der Website https:\/\/www.spenle-international.com wird dem Kunden mitgeteilt, dass in seinem Browser mehrere Cookies installiert sein k\u00f6nnen, insbesondere Cookies, die es erm\u00f6glichen, allgemeine Statistiken \u00fcber die Nutzung der Website https:\/\/www.spenle-international.com zu erstellen.<\/p>\n\n\n\n<p>Diese statistischen Verarbeitungen sind anonym und erm\u00f6glichen beispielsweise, die Anzahl der Personen zu ermitteln, die eine Webseite besuchen oder die Anzahl der Personen, die auf eine Webseite zur\u00fcckkehren.\r\n<\/p>\n\n\n\n<p>Diese Cookies sind nicht dazu bestimmt, einen bestimmten Kunden zu verfolgen, sondern dienen lediglich dazu, die Qualit\u00e4t der Website https:\/\/www.spenle-international.com zu verbessern und relevante Inhalte f\u00fcr Kunden zu erstellen, die diese Website besuchen.<\/p>\n\n\n\n<p>Der Kunde kann diese Cookies jedoch jederzeit problemlos von seinem Browser l\u00f6schen und auch seinen pers\u00f6nlichen Browser so konfigurieren, dass dieser Cookies akzeptiert oder nicht.\r\n<\/p>\n\n\n\n<p>Sollte der Kunde seine Browser-Software so konfigurieren, dass Cookies abgelehnt werden, informiert SPENLE DEVELOPPEMENT ihn dar\u00fcber, dass in einem solchen Fall m\u00f6glicherweise nicht alle Funktionen seiner Browser-Software zur Verf\u00fcgung stehen.\r\n<\/p>\n\n\n\n<p>Auf die gleiche Weise wird dem Kunden mitgeteilt, dass die Nutzung der Website https:\/\/www.spenle-international.com eingeschr\u00e4nkt sein kann, falls der Kunde die Speicherung von Cookies verweigert.\r\n\r\nIn einem solchen Fall lehnt SPENLE DEVELOPPEMENT jede Verantwortung f\u00fcr die Folgen ab, die sich aus dem verminderten Funktionsverhalten der Website https:\/\/www.spenle-international.com und der von SPENLE DEVELOPPEMENT angebotenen Dienste ergeben, die entweder auf die Ablehnung der Installation von Cookies durch den Kunden oder auf die Unm\u00f6glichkeit f\u00fcr SPENLE DEVELOPPEMENT zur\u00fcckzuf\u00fchren sind, die f\u00fcr ihre Funktionsf\u00e4higkeit notwendigen Cookies aufgrund der vom Kunden getroffenen Wahl zu speichern oder zu verwenden.<\/p>\n\n\n\n<hr class=\"wp-block-separator has-css-opacity\"\/>\n\n\n\n<h5 class=\"wp-block-heading\">05. Verwendung personenbezogener Daten und deren Aufbewahrungsfristen:<\/h5>\n\n\n\n<h6 class=\"wp-block-heading\">a. Verwendung personenbezogener Daten<\/h6>\n\n\n\n<p>Die Firma SPENLE DEVELOPPEMENT kann die personenbezogenen Daten des Kunden in folgenden F\u00e4llen erfassen:<\/p>\n\n\n\n<ul class=\"wp-block-list\">\n<li>Wenn der Kunde auf der Website https:\/\/www.spenle-international.com&nbsp;navigiert;<\/li>\n\n\n\n<li>Wenn der Kunde den Kundendienst \u00fcber das Kontaktformular auf der Website https:\/\/www.spenle-international.com kontaktiert.<\/li>\n<\/ul>\n\n\n\n<p>Die rechtliche Grundlage daf\u00fcr ist die Zustimmung des Kunden (Artikel 6.1.A). <\/p>\n\n\n\n<h6 class=\"wp-block-heading\">b. Aufbewahrungsfrist f\u00fcr personenbezogene Daten<\/h6>\n\n\n\n<p>Die \u00fcber das Kontaktformular auf der Website <a href=\"https:\/\/www.spenle-international.com\/\" target=\"_blank\" rel=\"noreferrer noopener\">https:\/\/www.spenle-international.com<\/a> erhobenen personenbezogenen Daten d\u00fcrfen eine Aufbewahrungsfrist von 3 Jahren nicht \u00fcberschreiten.<\/p>\n\n\n\n<p>Die Zustimmung des Kunden, der die Website <a href=\"https:\/\/www.spenle-international.com\/\" target=\"_blank\" rel=\"noreferrer noopener\">https:\/\/www.spenle-international.com<\/a> besucht, muss hinsichtlich der Verarbeitung von Cookies alle 13 Monate erneuert werden.<\/p>\n\n\n\n<hr class=\"wp-block-separator has-css-opacity\"\/>\n\n\n\n<h5 class=\"wp-block-heading\">06. Empf\u00e4nger der erhobenen personenbezogenen Daten<\/h5>\n\n\n\n<p>Empf\u00e4nger der erhobenen personenbezogenen Daten k\u00f6nnen folgende Personen sein:<\/p>\n\n\n\n<ul class=\"wp-block-list\">\n<li>Herr Pascal SPENLE,<\/li>\n<\/ul>\n\n\n\n<ul class=\"wp-block-list\">\n<li>Die Mitglieder des Vertriebsteams der Firma SPENLE DEVELOPPEMENT.<\/li>\n<\/ul>\n\n\n\n<p>Die Firma SPENLE DEVELOPPEMENT wird die von seinen Kunden erhobenen pers\u00f6nlichen Daten nur f\u00fcr die oben genannten Zwecke verwenden, \u00fcber die die Kunden informiert wurden.<\/p>\n\n\n\n<hr class=\"wp-block-separator has-css-opacity\"\/>\n\n\n\n<h5 class=\"wp-block-heading\">07. \u00dcbermittlung von Daten au\u00dferhalb der EU:<\/h5>\n\n\n\n<p>Keine von SPENLE DEVELOPPEMENT erhobenen Daten werden ohne vorherige Benachrichtigung des Kunden in L\u00e4nder au\u00dferhalb der Europ\u00e4ischen Union oder in ein Land, das von der Europ\u00e4ischen Kommission als \u201eungeeignet\u201c anerkannt wurde, \u00fcbertragen.\r\n<\/p>\n\n\n\n<p>Die Firma SPENLE Development kann ihre technischen und kommerziellen Unterauftragnehmer frei ausw\u00e4hlen, sofern diese ausreichende Garantien hinsichtlich der Anforderungen der Allgemeinen Datenschutz-Grundverordnung bieten.\r\n<\/p>\n\n\n\n<hr class=\"wp-block-separator has-css-opacity\"\/>\n\n\n\n<h5 class=\"wp-block-heading\">08. Recht auf Auskunft, Berichtigung und Widerspruch:<\/h5>\n\n\n\n<p>Der Kunde hat das Recht, seine Zustimmung jederzeit zu widerrufen, indem er eine E-Mail oder ein Schreiben an die folgende Adresse sendet: \r\n<\/p>\n\n\n\n<p class=\"has-text-align-center\"><strong>SARL SPENLE DEVELOPPEMENT<\/strong><br>Herr Pascal SPENLE<br>Terrasse Rh\u00f4ne Alpes<br>4, ZAC les terrasses de la Sarre, 57400 SARREBOURG.<br>E-Mail: info@spenle-international.com<\/p>\n\n\n\n<p>Gem\u00e4\u00df den geltenden EU-Vorschriften haben Nutzer der Website https:\/\/www.spenle-international.com auch folgende Rechte:<\/p>\n\n\n\n<ul class=\"wp-block-list\">\n<li>Recht auf Auskunft und Berichtigung, Aktualisierung, Erg\u00e4nzung der Kundendaten, Recht auf Sperrung oder L\u00f6schung personenbezogener Kundendaten, wenn diese unrichtig, unvollst\u00e4ndig, mehrdeutig oder veraltet sind oder deren Erhebung, Verwendung, Kommunikation oder Speicherung verboten ist.\n<\/li>\n<\/ul>\n\n\n\n<p>Der Kunde hat das Recht auf Einschr\u00e4nkung der Verarbeitung seiner Daten.<\/p>\n\n\n\n<p>Der Kunde hat auch ein Recht auf Widerspruch gegen die Verarbeitung seiner pers\u00f6nlichen Daten.\r\n<\/p>\n\n\n\n<p>Der Kunde hat auch das Recht auf Daten\u00fcbertragbarkeit, wenn diese Daten aufgrund seiner Einwilligung oder eines Vertrages einer automatischen Verarbeitung unterzogen werden.\r\n<\/p>\n\n\n\n<p>Schlie\u00dflich hat der Kunde das Recht, \u00fcber das Schicksal der \u00fcbermittelten Daten nach seinem Tod zu bestimmen und zu entscheiden, ob SPENLE DEVELOPPEMENT seine Daten und gegebenenfalls die Person, an die sie \u00fcbermittelt werden sollen, an einen zuvor benannten Dritten weitergeben darf oder nicht.\r\n<\/p>\n\n\n\n<p>Sobald die Firma SPENLE DEVELOPPEMENT Kenntnis vom Tod eines Kunden erlangt und keine Anweisungen von ihm vorliegen, verpflichtet sich SPENLE DEVELOPPEMENT, seine Daten zu vernichten, es sei denn, ihre Speicherung ist f\u00fcr Beweiszwecke oder zur Erf\u00fcllung einer gesetzlichen Verpflichtung erforderlich.\r\n<\/p>\n\n\n\n<p>Der Kunde kann sich jederzeit an die Firma SPENLE DEVELOPPEMENT wenden, wenn er Informationen dar\u00fcber w\u00fcnscht, wie die Firma SPENLE DEVELOPPEMENT seine pers\u00f6nlichen Daten verwendet, oder wenn er sie berichtigen, l\u00f6schen oder sich gegen deren Verarbeitung aussprechen m\u00f6chte.\r\n<\/p>\n\n\n\n<p>Er muss sich dann schriftlich an SPENLE DEVELOPPEMENT unter der folgenden Adresse wenden: <\/p>\n\n\n\n<p class=\"has-text-align-center\"><strong>SARL SPENLE DEVELOPPEMENT<\/strong><br>Herr Pascal SPENLE<br>Terrasse Rh\u00f4ne Alpes<br>4, ZAC les terrasses de la Sarre, 57400 SARREBOURG.<br>Telefon: +33 (0)3 87 25 78 00<br>E-Mail: info@spenle-international.com<\/p>\n\n\n\n<p>Der Kunde muss die personenbezogenen Daten angeben, die er berichtigen, aktualisieren oder l\u00f6schen m\u00f6chte, und sich genau identifizieren, indem er eine Kopie seines Ausweisdokuments beif\u00fcgt.\r\n<\/p>\n\n\n\n<p>Schlie\u00dflich hat jeder Kunde das Recht, eine Beschwerde bei einer Aufsichtsbeh\u00f6rde einzureichen, die unter folgender Adresse zu erreichen ist:  CNIL, 3 Place de Fontenoy, TSA 87115, 75334 PARIS CEDEX 07, FRANKREICH\r\n<\/p>\n\n\n\n<hr class=\"wp-block-separator has-css-opacity\"\/>\n\n\n\n<h5 class=\"wp-block-heading\">09. Die Sicherheit der erhobenen personenbezogenen Daten:<\/h5>\n\n\n\n<p>Die Firma SPENLE DEVELOPPEMENT verpflichtet sich, alle erforderlichen Vorkehrungen zu treffen, um die Sicherheit der erhobenen Daten zu gew\u00e4hrleisten und insbesondere, dass sie nicht an Unbefugte weitergegeben werden.\r\n<\/p>\n\n\n\n<p>Sollte ein Vorfall, der die Integrit\u00e4t oder Vertraulichkeit der Kundendaten angreift, der Firma SPENLE Development zur Kenntnis gebracht werden, so wird diese den Kunden umgehend dar\u00fcber informieren und ihn \u00fcber die getroffenen Korrekturma\u00dfnahmen unterrichten.\r\n<\/p>\n\n\n\n<p>Es wird ebenfalls festgelegt, dass die Firma SPENLE DEVELOPPEMENT keine sensiblen Daten erhebt.\r\n<\/p>\n\n\n\n<p>Um die Sicherheit und Vertraulichkeit der erhobenen personenbezogenen Daten zu gew\u00e4hrleisten, verwendet SPENLE DEVELOPPEMENT Netzwerke, die durch Standardinstrumente wie Firewalls, Pseudonymisierung, Verschl\u00fcsselung und Passw\u00f6rter gesch\u00fctzt sind.\r\n<\/p>\n\n\n\n<p>Bei der Verarbeitung der erhobenen personenbezogenen Daten ergreift SPENLE DEVELOPPEMENT alle angemessenen Ma\u00dfnahmen, um diese vor Verlust, Missbrauch, unberechtigtem Zugriff, Offenlegung, \u00c4nderung oder Zerst\u00f6rung zu sch\u00fctzen.<\/p>\n","protected":false},"excerpt":{"rendered":"<p>DATENSCHUTZERKL\u00c4RUNG Diese Datenschutzrichtlinie legt die Nutzungsbedingungen der Website &nbsp;https:\/\/www.spenle-international.com fest und regelt, wie die Firma SPENLE DEVELOPPEMENT personenbezogene Daten erhebt, verwendet, offenlegt, \u00fcbertr\u00e4gt und speichert. Die Erhebung personenbezogener Kundendaten erfolgt gem\u00e4\u00df den Vorschriften zur Marketingkommunikation, dem franz\u00f6sischen Gesetz vom 21. Juni 2014 \u00fcber das Vertrauen in die digitale Wirtschaft, dem franz\u00f6sischen Datenschutzgesetz vom 6. August [&hellip;]<\/p>\n","protected":false},"author":1,"featured_media":0,"parent":0,"menu_order":0,"comment_status":"closed","ping_status":"closed","template":"","meta":{"_acf_changed":false,"_monsterinsights_skip_tracking":false,"_monsterinsights_sitenote_active":false,"_monsterinsights_sitenote_note":"","_monsterinsights_sitenote_category":0,"footnotes":""},"class_list":["post-4678","page","type-page","status-publish","hentry"],"acf":[],"yoast_head":"<!-- This site is optimized with the Yoast SEO plugin v27.3 - https:\/\/yoast.com\/product\/yoast-seo-wordpress\/ -->\n<title>Datenschutzerkl\u00e4rung - Spenle<\/title>\n<meta name=\"robots\" content=\"index, follow, max-snippet:-1, max-image-preview:large, max-video-preview:-1\" \/>\n<link rel=\"canonical\" href=\"https:\/\/www.spenle-international.com\/de\/datenschutzerklaerung\/\" \/>\n<meta property=\"og:locale\" content=\"de_DE\" \/>\n<meta property=\"og:type\" content=\"article\" \/>\n<meta property=\"og:title\" content=\"Datenschutzerkl\u00e4rung - Spenle\" \/>\n<meta property=\"og:description\" content=\"DATENSCHUTZERKL\u00c4RUNG Diese Datenschutzrichtlinie legt die Nutzungsbedingungen der Website &nbsp;https:\/\/www.spenle-international.com fest und regelt, wie die Firma SPENLE DEVELOPPEMENT personenbezogene Daten erhebt, verwendet, offenlegt, \u00fcbertr\u00e4gt und speichert. Die Erhebung personenbezogener Kundendaten erfolgt gem\u00e4\u00df den Vorschriften zur Marketingkommunikation, dem franz\u00f6sischen Gesetz vom 21. Juni 2014 \u00fcber das Vertrauen in die digitale Wirtschaft, dem franz\u00f6sischen Datenschutzgesetz vom 6. August [&hellip;]\" \/>\n<meta property=\"og:url\" content=\"https:\/\/www.spenle-international.com\/de\/datenschutzerklaerung\/\" \/>\n<meta property=\"og:site_name\" content=\"Spenle\" \/>\n<meta property=\"article:modified_time\" content=\"2024-02-09T15:21:30+00:00\" \/>\n<meta name=\"twitter:card\" content=\"summary_large_image\" \/>\n<meta name=\"twitter:label1\" content=\"Est. reading time\" \/>\n\t<meta name=\"twitter:data1\" content=\"8 minutes\" \/>\n<script type=\"application\/ld+json\" class=\"yoast-schema-graph\">{\"@context\":\"https:\\\/\\\/schema.org\",\"@graph\":[{\"@type\":\"WebPage\",\"@id\":\"https:\\\/\\\/www.spenle-international.com\\\/de\\\/datenschutzerklaerung\\\/\",\"url\":\"https:\\\/\\\/www.spenle-international.com\\\/de\\\/datenschutzerklaerung\\\/\",\"name\":\"Datenschutzerkl\u00e4rung - Spenle\",\"isPartOf\":{\"@id\":\"https:\\\/\\\/www.spenle-international.com\\\/de\\\/#website\"},\"datePublished\":\"2019-09-18T08:22:12+00:00\",\"dateModified\":\"2024-02-09T15:21:30+00:00\",\"breadcrumb\":{\"@id\":\"https:\\\/\\\/www.spenle-international.com\\\/de\\\/datenschutzerklaerung\\\/#breadcrumb\"},\"inLanguage\":\"de-DE\",\"potentialAction\":[{\"@type\":\"ReadAction\",\"target\":[\"https:\\\/\\\/www.spenle-international.com\\\/de\\\/datenschutzerklaerung\\\/\"]}]},{\"@type\":\"BreadcrumbList\",\"@id\":\"https:\\\/\\\/www.spenle-international.com\\\/de\\\/datenschutzerklaerung\\\/#breadcrumb\",\"itemListElement\":[{\"@type\":\"ListItem\",\"position\":1,\"name\":\"Spenle\",\"item\":\"https:\\\/\\\/www.spenle-international.com\\\/de\\\/\"},{\"@type\":\"ListItem\",\"position\":2,\"name\":\"Datenschutzerkl\u00e4rung\"}]},{\"@type\":\"WebSite\",\"@id\":\"https:\\\/\\\/www.spenle-international.com\\\/de\\\/#website\",\"url\":\"https:\\\/\\\/www.spenle-international.com\\\/de\\\/\",\"name\":\"Spenle\",\"description\":\"Entrez par la bonne porte\",\"potentialAction\":[{\"@type\":\"SearchAction\",\"target\":{\"@type\":\"EntryPoint\",\"urlTemplate\":\"https:\\\/\\\/www.spenle-international.com\\\/de\\\/?s={search_term_string}\"},\"query-input\":{\"@type\":\"PropertyValueSpecification\",\"valueRequired\":true,\"valueName\":\"search_term_string\"}}],\"inLanguage\":\"de-DE\"}]}<\/script>\n<!-- \/ Yoast SEO plugin. -->","yoast_head_json":{"title":"Datenschutzerkl\u00e4rung - Spenle","robots":{"index":"index","follow":"follow","max-snippet":"max-snippet:-1","max-image-preview":"max-image-preview:large","max-video-preview":"max-video-preview:-1"},"canonical":"https:\/\/www.spenle-international.com\/de\/datenschutzerklaerung\/","og_locale":"de_DE","og_type":"article","og_title":"Datenschutzerkl\u00e4rung - Spenle","og_description":"DATENSCHUTZERKL\u00c4RUNG Diese Datenschutzrichtlinie legt die Nutzungsbedingungen der Website &nbsp;https:\/\/www.spenle-international.com fest und regelt, wie die Firma SPENLE DEVELOPPEMENT personenbezogene Daten erhebt, verwendet, offenlegt, \u00fcbertr\u00e4gt und speichert. Die Erhebung personenbezogener Kundendaten erfolgt gem\u00e4\u00df den Vorschriften zur Marketingkommunikation, dem franz\u00f6sischen Gesetz vom 21. Juni 2014 \u00fcber das Vertrauen in die digitale Wirtschaft, dem franz\u00f6sischen Datenschutzgesetz vom 6. August [&hellip;]","og_url":"https:\/\/www.spenle-international.com\/de\/datenschutzerklaerung\/","og_site_name":"Spenle","article_modified_time":"2024-02-09T15:21:30+00:00","twitter_card":"summary_large_image","twitter_misc":{"Est. reading time":"8 minutes"},"schema":{"@context":"https:\/\/schema.org","@graph":[{"@type":"WebPage","@id":"https:\/\/www.spenle-international.com\/de\/datenschutzerklaerung\/","url":"https:\/\/www.spenle-international.com\/de\/datenschutzerklaerung\/","name":"Datenschutzerkl\u00e4rung - Spenle","isPartOf":{"@id":"https:\/\/www.spenle-international.com\/de\/#website"},"datePublished":"2019-09-18T08:22:12+00:00","dateModified":"2024-02-09T15:21:30+00:00","breadcrumb":{"@id":"https:\/\/www.spenle-international.com\/de\/datenschutzerklaerung\/#breadcrumb"},"inLanguage":"de-DE","potentialAction":[{"@type":"ReadAction","target":["https:\/\/www.spenle-international.com\/de\/datenschutzerklaerung\/"]}]},{"@type":"BreadcrumbList","@id":"https:\/\/www.spenle-international.com\/de\/datenschutzerklaerung\/#breadcrumb","itemListElement":[{"@type":"ListItem","position":1,"name":"Spenle","item":"https:\/\/www.spenle-international.com\/de\/"},{"@type":"ListItem","position":2,"name":"Datenschutzerkl\u00e4rung"}]},{"@type":"WebSite","@id":"https:\/\/www.spenle-international.com\/de\/#website","url":"https:\/\/www.spenle-international.com\/de\/","name":"Spenle","description":"Entrez par la bonne porte","potentialAction":[{"@type":"SearchAction","target":{"@type":"EntryPoint","urlTemplate":"https:\/\/www.spenle-international.com\/de\/?s={search_term_string}"},"query-input":{"@type":"PropertyValueSpecification","valueRequired":true,"valueName":"search_term_string"}}],"inLanguage":"de-DE"}]}},"_links":{"self":[{"href":"https:\/\/www.spenle-international.com\/de\/wp-json\/wp\/v2\/pages\/4678","targetHints":{"allow":["GET"]}}],"collection":[{"href":"https:\/\/www.spenle-international.com\/de\/wp-json\/wp\/v2\/pages"}],"about":[{"href":"https:\/\/www.spenle-international.com\/de\/wp-json\/wp\/v2\/types\/page"}],"author":[{"embeddable":true,"href":"https:\/\/www.spenle-international.com\/de\/wp-json\/wp\/v2\/users\/1"}],"replies":[{"embeddable":true,"href":"https:\/\/www.spenle-international.com\/de\/wp-json\/wp\/v2\/comments?post=4678"}],"version-history":[{"count":7,"href":"https:\/\/www.spenle-international.com\/de\/wp-json\/wp\/v2\/pages\/4678\/revisions"}],"predecessor-version":[{"id":17974,"href":"https:\/\/www.spenle-international.com\/de\/wp-json\/wp\/v2\/pages\/4678\/revisions\/17974"}],"wp:attachment":[{"href":"https:\/\/www.spenle-international.com\/de\/wp-json\/wp\/v2\/media?parent=4678"}],"curies":[{"name":"wp","href":"https:\/\/api.w.org\/{rel}","templated":true}]}}