{"id":4676,"date":"2020-04-08T13:02:29","date_gmt":"2020-04-08T13:02:29","guid":{"rendered":"https:\/\/www.spenle-international.com\/plan-du-site\/"},"modified":"2020-07-29T13:18:31","modified_gmt":"2020-07-29T13:18:31","slug":"seitenverzeichnis","status":"publish","type":"page","link":"https:\/\/www.spenle-international.com\/de\/seitenverzeichnis\/","title":{"rendered":"Seitenverzeichnis"},"content":{"rendered":"\n<div id=\"wp-realtime-sitemap-pages\"><h3>Seiten<\/h3><ul><li class=\"page_item page-item-4678\"><a href=\"https:\/\/www.spenle-international.com\/de\/datenschutzerklaerung\/\">Datenschutzerkl\u00e4rung<\/a><\/li>\n<li class=\"page_item page-item-14640\"><a href=\"https:\/\/www.spenle-international.com\/de\/downloads\/\">Downloads<\/a><\/li>\n<li class=\"page_item page-item-18096\"><a href=\"https:\/\/www.spenle-international.com\/de\/financeurs-et-partenaires-de-developpement\/\">Finanziers und Entwicklunspartner<\/a><\/li>\n<li class=\"page_item page-item-7760\"><a href=\"https:\/\/www.spenle-international.com\/de\/galerie\/\">Galerie<\/a><\/li>\n<li class=\"page_item page-item-19549\"><a href=\"https:\/\/www.spenle-international.com\/de\/general-terms-and-conditions-of-sale\/\">General Terms and Conditions of Sale<\/a><\/li>\n<li class=\"page_item page-item-4672\"><a href=\"https:\/\/www.spenle-international.com\/de\/impressum\/\">Impressum<\/a><\/li>\n<li class=\"page_item page-item-4666\"><a href=\"https:\/\/www.spenle-international.com\/de\/kontakt\/\">Kontakt<\/a><\/li>\n<li class=\"page_item page-item-4676\"><a href=\"https:\/\/www.spenle-international.com\/de\/seitenverzeichnis\/\">Seitenverzeichnis<\/a><\/li>\n<li class=\"page_item page-item-4664\"><a href=\"https:\/\/www.spenle-international.com\/de\/\">Startseite<\/a><\/li>\n<li class=\"page_item page-item-4670\"><a href=\"https:\/\/www.spenle-international.com\/de\/geschichte\/\">Unsere Geschichte<\/a><\/li>\n<li class=\"page_item page-item-4674\"><a href=\"https:\/\/www.spenle-international.com\/de\/unsere-projekte\/\">Unsere Projekte<\/a><\/li>\n<\/ul><\/div><div id=\"wp-realtime-sitemap-produit\"><h3>Produkts<\/h3><ul><li><a href=\"https:\/\/www.spenle-international.com\/de\/produkte\/industrie-logistik\/\" title=\"Permalink zu Industrie \/ Logistik\" rel=\"bookmark\">Industrie \/ Logistik<\/a><\/li><li><a href=\"https:\/\/www.spenle-international.com\/de\/produkte\/lebensmittelindustrie\/\" title=\"Permalink zu Lebensmittelindustrie\" rel=\"bookmark\">Lebensmittelindustrie<\/a><\/li><li><a href=\"https:\/\/www.spenle-international.com\/de\/produkte\/krankenhaeuser-labors\/\" title=\"Permalink zu Krankenh\u00e4user \/ Labors\" rel=\"bookmark\">Krankenh\u00e4user \/ Labors<\/a><\/li><li><a href=\"https:\/\/www.spenle-international.com\/de\/produkte\/krankenhaeuser-labors\/strahlenschutztueren\/\" title=\"Permalink zu Strahlenschutzt\u00fcren\" rel=\"bookmark\">Strahlenschutzt\u00fcren<\/a><\/li><li><a href=\"https:\/\/www.spenle-international.com\/de\/produkte\/krankenhaeuser-labors\/hermetischen-und-schalldaemmende-drehfluegeltuer\/\" title=\"Permalink zu Hermetische und schalld\u00e4mmende T\u00fcren\" rel=\"bookmark\">Hermetische und schalld\u00e4mmende T\u00fcren<\/a><\/li><li><a href=\"https:\/\/www.spenle-international.com\/de\/produkte\/krankenhaeuser-labors\/luftdichte-tueren\/\" title=\"Permalink zu Luftdichte T\u00fcren\" rel=\"bookmark\">Luftdichte T\u00fcren<\/a><\/li><li><a href=\"https:\/\/www.spenle-international.com\/de\/produkte\/lebensmittelindustrie\/wandschutzvorrichtungen\/\" title=\"Permalink zu Wandschutzvorrichtungen\" rel=\"bookmark\">Wandschutzvorrichtungen<\/a><\/li><li><a href=\"https:\/\/www.spenle-international.com\/de\/produkte\/lebensmittelindustrie\/pendeltueren\/\" title=\"Permalink zu Pendelt\u00fcren\" rel=\"bookmark\">Pendelt\u00fcren<\/a><\/li><li><a href=\"https:\/\/www.spenle-international.com\/de\/produkte\/grosskuechen-restaurants\/wandschutzvorrichtungen\/\" title=\"Permalink zu Wandschutzvorrichtungen\" rel=\"bookmark\">Wandschutzvorrichtungen<\/a><\/li><li><a href=\"https:\/\/www.spenle-international.com\/de\/produkte\/grosskuechen-restaurants\/halbisolierte-tueren\/\" title=\"Permalink zu Halbisolierte T\u00fcren\" rel=\"bookmark\">Halbisolierte T\u00fcren<\/a><\/li><li><a href=\"https:\/\/www.spenle-international.com\/de\/produkte\/industrie-logistik\/wandschutz-rammschutz\/\" title=\"Permalink zu Wandschutz \/ Rammschutz\" rel=\"bookmark\">Wandschutz \/ Rammschutz<\/a><\/li><li><a href=\"https:\/\/www.spenle-international.com\/de\/produkte\/industrie-logistik\/flexible-pendeltueren\/\" title=\"Permalink zu Flexible Pendelt\u00fcren\" rel=\"bookmark\">Flexible Pendelt\u00fcren<\/a><\/li><li><a href=\"https:\/\/www.spenle-international.com\/de\/produkte\/industrie-logistik\/weich-pvc-streifenvorhaenge\/\" title=\"Permalink zu Weich-PVC Streifenvorh\u00e4nge\" rel=\"bookmark\">Weich-PVC Streifenvorh\u00e4nge<\/a><\/li><li><a href=\"https:\/\/www.spenle-international.com\/de\/produkte\/krankenhaeuser-labors\/luftdichte-tueren\/hermetische-drehfluegeltuer-sp250\/\" title=\"Permalink zu Hermetische Drehfl\u00fcgelt\u00fcr \u2013 SP250\" rel=\"bookmark\">Hermetische Drehfl\u00fcgelt\u00fcr \u2013 SP250<\/a><\/li><li><a href=\"https:\/\/www.spenle-international.com\/de\/produkte\/ersatzteile\/\" title=\"Permalink zu Ersatzteile\" rel=\"bookmark\">Ersatzteile<\/a><\/li><li><a href=\"https:\/\/www.spenle-international.com\/de\/produkte\/krankenhaeuser-labors\/luftdichte-tueren\/hermetische-schiebetuer-sp450\/\" title=\"Permalink zu Hermetische Schiebet\u00fcr &#8211; SP450\" rel=\"bookmark\">Hermetische Schiebet\u00fcr &#8211; SP450<\/a><\/li><li><a href=\"https:\/\/www.spenle-international.com\/de\/produkte\/krankenhaeuser-labors\/hermetischen-und-schalldaemmende-drehfluegeltuer\/hermetische-und-schalldaemmende-drehfluegeltuer-sp250-stillroom\/\" title=\"Permalink zu Hermetische und schalld\u00e4mmende Drehfl\u00fcgelt\u00fcr \u2013 SP250 STILLROOM\u00ae\" rel=\"bookmark\">Hermetische und schalld\u00e4mmende Drehfl\u00fcgelt\u00fcr \u2013 SP250 STILLROOM\u00ae<\/a><\/li><li><a href=\"https:\/\/www.spenle-international.com\/de\/produkte\/krankenhaeuser-labors\/strahlenschutztueren\/strahlenschutz-drehfluegeltuer-sp240x\/\" title=\"Permalink zu Strahlenschutz-Drehfl\u00fcgelt\u00fcr \u2013 SP240X\" rel=\"bookmark\">Strahlenschutz-Drehfl\u00fcgelt\u00fcr \u2013 SP240X<\/a><\/li><li><a href=\"https:\/\/www.spenle-international.com\/de\/produkte\/krankenhaeuser-labors\/strahlenschutztueren\/strahlenschutz-schiebetuer-sp440x\/\" title=\"Permalink zu Strahlenschutz-Schiebet\u00fcr \u2013 SP440X\" rel=\"bookmark\">Strahlenschutz-Schiebet\u00fcr \u2013 SP440X<\/a><\/li><li><a href=\"https:\/\/www.spenle-international.com\/de\/produkte\/lebensmittelindustrie\/betriebsraumtueren\/halbisolierte-betriebsraumtuer-sp100-sp110-sp120\/\" title=\"Permalink zu Halbisolierte Betriebsraumt\u00fcr &#8211; SP100 &#8211; SP110 &#8211; SP120\" rel=\"bookmark\">Halbisolierte Betriebsraumt\u00fcr &#8211; SP100 &#8211; SP110 &#8211; SP120<\/a><\/li><li><a href=\"https:\/\/www.spenle-international.com\/de\/produkte\/lebensmittelindustrie\/betriebsraumtueren\/betriebsraumtuer-aus-polyethylen-sp130\/\" title=\"Permalink zu Betriebsraumt\u00fcr aus Polyethylen &#8211; SP130\" rel=\"bookmark\">Betriebsraumt\u00fcr aus Polyethylen &#8211; SP130<\/a><\/li><li><a href=\"https:\/\/www.spenle-international.com\/de\/produkte\/lebensmittelindustrie\/isoliertueren\/isolier-drehtuer-sp200\/\" title=\"Permalink zu Isolier-Dreht\u00fcr (T\u00b0&gt;0) \u2013 SP200\" rel=\"bookmark\">Isolier-Dreht\u00fcr (T\u00b0>0) \u2013 SP200<\/a><\/li><li><a href=\"https:\/\/www.spenle-international.com\/de\/produkte\/lebensmittelindustrie\/isoliertueren\/isolier-drehtueren-sp300\/\" title=\"Permalink zu Isolier-Dreht\u00fcr Gefrierr\u00e4ume \u2013 SP300\" rel=\"bookmark\">Isolier-Dreht\u00fcr Gefrierr\u00e4ume \u2013 SP300<\/a><\/li><li><a href=\"https:\/\/www.spenle-international.com\/de\/produkte\/lebensmittelindustrie\/isoliertueren\/isolier-schiebetuer-sp400\/\" title=\"Permalink zu Isolier-Schiebet\u00fcr (T\u00b0&gt;0) \u2013 SP400\" rel=\"bookmark\">Isolier-Schiebet\u00fcr (T\u00b0>0) \u2013 SP400<\/a><\/li><li><a href=\"https:\/\/www.spenle-international.com\/de\/produkte\/lebensmittelindustrie\/isoliertueren\/isolier-schiebetuer-t0-sp500\/\" title=\"Permalink zu Isolier-Schiebet\u00fcr Gefrierr\u00e4ume \u2013 SP500\" rel=\"bookmark\">Isolier-Schiebet\u00fcr Gefrierr\u00e4ume \u2013 SP500<\/a><\/li><li><a href=\"https:\/\/www.spenle-international.com\/de\/produkte\/lebensmittelindustrie\/pendeltueren\/pendeltuer-aus-polyethylen-sp800\/\" title=\"Permalink zu Pendelt\u00fcr aus Polyethylen &#8211; SP800\" rel=\"bookmark\">Pendelt\u00fcr aus Polyethylen &#8211; SP800<\/a><\/li><li><a href=\"https:\/\/www.spenle-international.com\/de\/produkte\/lebensmittelindustrie\/pendeltueren\/halbisolierte-pendeltuer-sp900\/\" title=\"Permalink zu Halbisolierte Pendelt\u00fcr &#8211; SP900\" rel=\"bookmark\">Halbisolierte Pendelt\u00fcr &#8211; SP900<\/a><\/li><li><a href=\"https:\/\/www.spenle-international.com\/de\/produkte\/lebensmittelindustrie\/pendeltueren\/flexible-pendeltuer-sp2100\/\" title=\"Permalink zu Flexible Pendelt\u00fcr &#8211; SP2100\" rel=\"bookmark\">Flexible Pendelt\u00fcr &#8211; SP2100<\/a><\/li><li><a href=\"https:\/\/www.spenle-international.com\/de\/produkte\/lebensmittelindustrie\/wandschutzvorrichtungen\/wandschutz-und-sockelleisten-aus-polyethylen\/\" title=\"Permalink zu Wandschutz und Sockelleisten aus Polyethylen\" rel=\"bookmark\">Wandschutz und Sockelleisten aus Polyethylen<\/a><\/li><li><a href=\"https:\/\/www.spenle-international.com\/de\/produkte\/lebensmittelindustrie\/pvc-streifentueren-und-vorhaengen\/streifenvorhang-l22\/\" title=\"Permalink zu PVC Streifenvorhang \u2013 L22\" rel=\"bookmark\">PVC Streifenvorhang \u2013 L22<\/a><\/li><li><a href=\"https:\/\/www.spenle-international.com\/de\/produkte\/lebensmittelindustrie\/pvc-streifentueren-und-vorhaengen\/streifenvorhang-l22-kit\/\" title=\"Permalink zu PVC Streifenvorhang zur Selbstmontage \u2013 L22 Kit\" rel=\"bookmark\">PVC Streifenvorhang zur Selbstmontage \u2013 L22 Kit<\/a><\/li><li><a href=\"https:\/\/www.spenle-international.com\/de\/produkte\/grosskuechen-restaurants\/wasserabweisende-tueren\/wasserabweisende-tuer-aus-polyethylen-sp130\/\" title=\"Permalink zu Wasserabweisende T\u00fcr aus Polyethylen \u2013 SP130\" rel=\"bookmark\">Wasserabweisende T\u00fcr aus Polyethylen \u2013 SP130<\/a><\/li><li><a href=\"https:\/\/www.spenle-international.com\/de\/produkte\/grosskuechen-restaurants\/wasserabweisende-tueren\/pendeltuer-aus-polyethylen-sp800\/\" title=\"Permalink zu Pendelt\u00fcr aus Polyethylen \u2013 SP800\" rel=\"bookmark\">Pendelt\u00fcr aus Polyethylen \u2013 SP800<\/a><\/li><li><a href=\"https:\/\/www.spenle-international.com\/de\/produkte\/grosskuechen-restaurants\/brandschutztueren\/wasserabweisende-brandschutztuer-sp150-hydrofeu\/\" title=\"Permalink zu Wasserabweisende Brandschutzt\u00fcr\u2013 SP150 HYDROFEU\u00ae\" rel=\"bookmark\">Wasserabweisende Brandschutzt\u00fcr\u2013 SP150 HYDROFEU\u00ae<\/a><\/li><li><a href=\"https:\/\/www.spenle-international.com\/de\/produkte\/grosskuechen-restaurants\/halbisolierte-tueren\/betriebsraumtuer-sp100-sp110-sp120\/\" title=\"Permalink zu Halbisolierte Betriebsraumt\u00fcr\u2013 SP100 \u2013 SP110 \u2013 SP120\" rel=\"bookmark\">Halbisolierte Betriebsraumt\u00fcr\u2013 SP100 \u2013 SP110 \u2013 SP120<\/a><\/li><li><a href=\"https:\/\/www.spenle-international.com\/de\/produkte\/grosskuechen-restaurants\/halbisolierte-tueren\/halbisolierte-pendeltuer-sp900\/\" title=\"Permalink zu Halbisolierte Pendelt\u00fcr\u2013 SP900\" rel=\"bookmark\">Halbisolierte Pendelt\u00fcr\u2013 SP900<\/a><\/li><li><a href=\"https:\/\/www.spenle-international.com\/de\/produkte\/grosskuechen-restaurants\/wandschutzvorrichtungen\/wandschutz-und-sockelleisten-aus-hochdichtem-pe\/\" title=\"Permalink zu Wandschutz und Sockelleisten aus hochdichtem PE\" rel=\"bookmark\">Wandschutz und Sockelleisten aus hochdichtem PE<\/a><\/li><li><a href=\"https:\/\/www.spenle-international.com\/de\/produkte\/industrie-logistik\/weich-pvc-streifenvorhaenge\/streifenvorhang-aus-weich-pvc-l22\/\" title=\"Permalink zu Streifenvorhang aus weich-PVC &#8211; L22\" rel=\"bookmark\">Streifenvorhang aus weich-PVC &#8211; L22<\/a><\/li><li><a href=\"https:\/\/www.spenle-international.com\/de\/produkte\/industrie-logistik\/weich-pvc-streifenvorhaenge\/sreifenvorhang-zur-selbstmontage-l22-kit\/\" title=\"Permalink zu Sreifenvorhang zur Selbstmontage &#8211; L22 Kit\" rel=\"bookmark\">Sreifenvorhang zur Selbstmontage &#8211; L22 Kit<\/a><\/li><li><a href=\"https:\/\/www.spenle-international.com\/de\/produkte\/industrie-logistik\/flexible-pendeltueren\/sp2000\/\" title=\"Permalink zu Flexible Pendelt\u00fcr &#8211; SP2000\" rel=\"bookmark\">Flexible Pendelt\u00fcr &#8211; SP2000<\/a><\/li><li><a href=\"https:\/\/www.spenle-international.com\/de\/produkte\/industrie-logistik\/wandschutz-rammschutz\/wandschutz-und-sockelleisten-aus-polyethylen\/\" title=\"Permalink zu Wandschutz und Sockelleisten aus Polyethylen\" rel=\"bookmark\">Wandschutz und Sockelleisten aus Polyethylen<\/a><\/li><li><a href=\"https:\/\/www.spenle-international.com\/de\/produkte\/krankenhaeuser-labors\/hermetischen-und-schalldaemmende-drehfluegeltuer\/hermetische-und-schalldaemmende-schiebetuer-sp450-stillroom\/\" title=\"Permalink zu Hermetische und schalld\u00e4mmende Schiebet\u00fcr &#8211; SP450 STILLROOM\u00ae\" rel=\"bookmark\">Hermetische und schalld\u00e4mmende Schiebet\u00fcr &#8211; SP450 STILLROOM\u00ae<\/a><\/li><li><a href=\"https:\/\/www.spenle-international.com\/de\/produkte\/ersatzteile\/krankenhaeuser-labors\/\" title=\"Permalink zu Krankenh\u00e4user \/ Labors\" rel=\"bookmark\">Krankenh\u00e4user \/ Labors<\/a><\/li><li><a href=\"https:\/\/www.spenle-international.com\/de\/produkte\/ersatzteile\/lebensmittelindustrie-grosskuechen-restaurants\/\" title=\"Permalink zu Lebensmittelindustrie \/ Gro\u00dfk\u00fcchen \/ Restaurants\" rel=\"bookmark\">Lebensmittelindustrie \/ Gro\u00dfk\u00fcchen \/ Restaurants<\/a><\/li><li><a href=\"https:\/\/www.spenle-international.com\/de\/produkte\/ersatzteile\/industrie-logistik\/\" title=\"Permalink zu Industrie \/ Logistik\" rel=\"bookmark\">Industrie \/ Logistik<\/a><\/li><li><a href=\"https:\/\/www.spenle-international.com\/de\/produkte\/krankenhaeuser-labors\/luftdichte-brandschutztueren\/\" title=\"Permalink zu Luftdichte Brandschutzt\u00fcren\" rel=\"bookmark\">Luftdichte Brandschutzt\u00fcren<\/a><\/li><li><a href=\"https:\/\/www.spenle-international.com\/de\/produkte\/krankenhaeuser-labors\/luftdichte-brandschutztueren\/hermetische-und-brandschutz-drehfluegeltuer-airfire-stop\/\" title=\"Permalink zu Hermetische und brandschutz Drehfl\u00fcgelt\u00fcr \u2013 AIR&#038;FIRE STOP\u00ae\" rel=\"bookmark\">Hermetische und brandschutz Drehfl\u00fcgelt\u00fcr \u2013 AIR&#038;FIRE STOP\u00ae<\/a><\/li><li><a href=\"https:\/\/www.spenle-international.com\/de\/produkte\/lebensmittelindustrie\/betriebsraumtueren\/\" title=\"Permalink zu Betriebsraumt\u00fcren\" rel=\"bookmark\">Betriebsraumt\u00fcren<\/a><\/li><li><a href=\"https:\/\/www.spenle-international.com\/de\/produkte\/lebensmittelindustrie\/isoliertueren\/\" title=\"Permalink zu Isoliert\u00fcren f\u00fcr K\u00fchlr\u00e4ume\" rel=\"bookmark\">Isoliert\u00fcren f\u00fcr K\u00fchlr\u00e4ume<\/a><\/li><li><a href=\"https:\/\/www.spenle-international.com\/de\/produkte\/lebensmittelindustrie\/pvc-streifentueren-und-vorhaengen\/\" title=\"Permalink zu PVC Streifent\u00fcren und vorh\u00e4ngen\" rel=\"bookmark\">PVC Streifent\u00fcren und vorh\u00e4ngen<\/a><\/li><li><a href=\"https:\/\/www.spenle-international.com\/de\/produkte\/grosskuechen-restaurants\/\" title=\"Permalink zu Gro\u00dfk\u00fcchen \/ Restaurants\" rel=\"bookmark\">Gro\u00dfk\u00fcchen \/ Restaurants<\/a><\/li><li><a href=\"https:\/\/www.spenle-international.com\/de\/produkte\/grosskuechen-restaurants\/wasserabweisende-tueren\/\" title=\"Permalink zu Wasserabweisende T\u00fcren\" rel=\"bookmark\">Wasserabweisende T\u00fcren<\/a><\/li><li><a href=\"https:\/\/www.spenle-international.com\/de\/produkte\/grosskuechen-restaurants\/brandschutztueren\/\" title=\"Permalink zu Brandschutzt\u00fcren\" rel=\"bookmark\">Brandschutzt\u00fcren<\/a><\/li><\/ul><\/div><div id=\"wp-realtime-sitemap-popup\"><h3>Popups<\/h3><ul><li><a href=\"https:\/\/www.spenle-international.com\/de\/?post_type=popup&p=13352\" title=\"Permalink zu Salon gif\" rel=\"bookmark\">Salon gif<\/a><\/li><\/ul><\/div><div id=\"wp-realtime-sitemap-popup_theme\"><h3>Popup Themes<\/h3><ul><li><a href=\"https:\/\/www.spenle-international.com\/de\/?post_type=popup_theme&p=13301\" title=\"Permalink zu Default Theme\" rel=\"bookmark\">Default Theme<\/a><\/li><li><a href=\"https:\/\/www.spenle-international.com\/de\/?post_type=popup_theme&p=13302\" title=\"Permalink zu Light Box\" rel=\"bookmark\">Light Box<\/a><\/li><li><a href=\"https:\/\/www.spenle-international.com\/de\/?post_type=popup_theme&p=13303\" title=\"Permalink zu Enterprise Blue\" rel=\"bookmark\">Enterprise Blue<\/a><\/li><li><a href=\"https:\/\/www.spenle-international.com\/de\/?post_type=popup_theme&p=13304\" title=\"Permalink zu Hello Box\" rel=\"bookmark\">Hello Box<\/a><\/li><li><a href=\"https:\/\/www.spenle-international.com\/de\/?post_type=popup_theme&p=13305\" title=\"Permalink zu Cutting Edge\" rel=\"bookmark\">Cutting Edge<\/a><\/li><li><a href=\"https:\/\/www.spenle-international.com\/de\/?post_type=popup_theme&p=13306\" title=\"Permalink zu Framed Border\" rel=\"bookmark\">Framed Border<\/a><\/li><li><a href=\"https:\/\/www.spenle-international.com\/de\/?post_type=popup_theme&p=13307\" title=\"Permalink zu Floating Bar &#8211; Soft Blue\" rel=\"bookmark\">Floating Bar &#8211; Soft Blue<\/a><\/li><li><a href=\"https:\/\/www.spenle-international.com\/de\/?post_type=popup_theme&p=13308\" title=\"Permalink zu Content Only &#8211; For use with page builders or block editor\" rel=\"bookmark\">Content Only &#8211; For use with page builders or block editor<\/a><\/li><\/ul><\/div>\n","protected":false},"excerpt":{"rendered":"","protected":false},"author":1,"featured_media":0,"parent":0,"menu_order":0,"comment_status":"closed","ping_status":"closed","template":"","meta":{"_acf_changed":false,"_monsterinsights_skip_tracking":false,"_monsterinsights_sitenote_active":false,"_monsterinsights_sitenote_note":"","_monsterinsights_sitenote_category":0,"footnotes":""},"class_list":["post-4676","page","type-page","status-publish","hentry"],"acf":[],"yoast_head":"<!-- This site is optimized with the Yoast SEO plugin v27.1.1 - https:\/\/yoast.com\/product\/yoast-seo-wordpress\/ -->\n<title>Seitenverzeichnis - Spenle<\/title>\n<meta name=\"robots\" content=\"index, follow, max-snippet:-1, max-image-preview:large, max-video-preview:-1\" \/>\n<link rel=\"canonical\" href=\"https:\/\/www.spenle-international.com\/de\/seitenverzeichnis\/\" \/>\n<meta property=\"og:locale\" content=\"de_DE\" \/>\n<meta property=\"og:type\" content=\"article\" \/>\n<meta property=\"og:title\" content=\"Seitenverzeichnis - Spenle\" \/>\n<meta property=\"og:url\" content=\"https:\/\/www.spenle-international.com\/de\/seitenverzeichnis\/\" \/>\n<meta property=\"og:site_name\" content=\"Spenle\" \/>\n<meta property=\"article:modified_time\" content=\"2020-07-29T13:18:31+00:00\" \/>\n<meta name=\"twitter:card\" content=\"summary_large_image\" \/>\n<script type=\"application\/ld+json\" class=\"yoast-schema-graph\">{\"@context\":\"https:\/\/schema.org\",\"@graph\":[{\"@type\":\"WebPage\",\"@id\":\"https:\/\/www.spenle-international.com\/de\/seitenverzeichnis\/\",\"url\":\"https:\/\/www.spenle-international.com\/de\/seitenverzeichnis\/\",\"name\":\"Seitenverzeichnis - Spenle\",\"isPartOf\":{\"@id\":\"https:\/\/www.spenle-international.com\/de\/#website\"},\"datePublished\":\"2020-04-08T13:02:29+00:00\",\"dateModified\":\"2020-07-29T13:18:31+00:00\",\"breadcrumb\":{\"@id\":\"https:\/\/www.spenle-international.com\/de\/seitenverzeichnis\/#breadcrumb\"},\"inLanguage\":\"de-DE\",\"potentialAction\":[{\"@type\":\"ReadAction\",\"target\":[\"https:\/\/www.spenle-international.com\/de\/seitenverzeichnis\/\"]}]},{\"@type\":\"BreadcrumbList\",\"@id\":\"https:\/\/www.spenle-international.com\/de\/seitenverzeichnis\/#breadcrumb\",\"itemListElement\":[{\"@type\":\"ListItem\",\"position\":1,\"name\":\"Spenle\",\"item\":\"https:\/\/www.spenle-international.com\/de\/\"},{\"@type\":\"ListItem\",\"position\":2,\"name\":\"Seitenverzeichnis\"}]},{\"@type\":\"WebSite\",\"@id\":\"https:\/\/www.spenle-international.com\/de\/#website\",\"url\":\"https:\/\/www.spenle-international.com\/de\/\",\"name\":\"Spenle\",\"description\":\"Entrez par la bonne porte\",\"potentialAction\":[{\"@type\":\"SearchAction\",\"target\":{\"@type\":\"EntryPoint\",\"urlTemplate\":\"https:\/\/www.spenle-international.com\/de\/?s={search_term_string}\"},\"query-input\":{\"@type\":\"PropertyValueSpecification\",\"valueRequired\":true,\"valueName\":\"search_term_string\"}}],\"inLanguage\":\"de-DE\"}]}<\/script>\n<!-- \/ Yoast SEO plugin. -->","yoast_head_json":{"title":"Seitenverzeichnis - Spenle","robots":{"index":"index","follow":"follow","max-snippet":"max-snippet:-1","max-image-preview":"max-image-preview:large","max-video-preview":"max-video-preview:-1"},"canonical":"https:\/\/www.spenle-international.com\/de\/seitenverzeichnis\/","og_locale":"de_DE","og_type":"article","og_title":"Seitenverzeichnis - Spenle","og_url":"https:\/\/www.spenle-international.com\/de\/seitenverzeichnis\/","og_site_name":"Spenle","article_modified_time":"2020-07-29T13:18:31+00:00","twitter_card":"summary_large_image","schema":{"@context":"https:\/\/schema.org","@graph":[{"@type":"WebPage","@id":"https:\/\/www.spenle-international.com\/de\/seitenverzeichnis\/","url":"https:\/\/www.spenle-international.com\/de\/seitenverzeichnis\/","name":"Seitenverzeichnis - Spenle","isPartOf":{"@id":"https:\/\/www.spenle-international.com\/de\/#website"},"datePublished":"2020-04-08T13:02:29+00:00","dateModified":"2020-07-29T13:18:31+00:00","breadcrumb":{"@id":"https:\/\/www.spenle-international.com\/de\/seitenverzeichnis\/#breadcrumb"},"inLanguage":"de-DE","potentialAction":[{"@type":"ReadAction","target":["https:\/\/www.spenle-international.com\/de\/seitenverzeichnis\/"]}]},{"@type":"BreadcrumbList","@id":"https:\/\/www.spenle-international.com\/de\/seitenverzeichnis\/#breadcrumb","itemListElement":[{"@type":"ListItem","position":1,"name":"Spenle","item":"https:\/\/www.spenle-international.com\/de\/"},{"@type":"ListItem","position":2,"name":"Seitenverzeichnis"}]},{"@type":"WebSite","@id":"https:\/\/www.spenle-international.com\/de\/#website","url":"https:\/\/www.spenle-international.com\/de\/","name":"Spenle","description":"Entrez par la bonne porte","potentialAction":[{"@type":"SearchAction","target":{"@type":"EntryPoint","urlTemplate":"https:\/\/www.spenle-international.com\/de\/?s={search_term_string}"},"query-input":{"@type":"PropertyValueSpecification","valueRequired":true,"valueName":"search_term_string"}}],"inLanguage":"de-DE"}]}},"_links":{"self":[{"href":"https:\/\/www.spenle-international.com\/de\/wp-json\/wp\/v2\/pages\/4676","targetHints":{"allow":["GET"]}}],"collection":[{"href":"https:\/\/www.spenle-international.com\/de\/wp-json\/wp\/v2\/pages"}],"about":[{"href":"https:\/\/www.spenle-international.com\/de\/wp-json\/wp\/v2\/types\/page"}],"author":[{"embeddable":true,"href":"https:\/\/www.spenle-international.com\/de\/wp-json\/wp\/v2\/users\/1"}],"replies":[{"embeddable":true,"href":"https:\/\/www.spenle-international.com\/de\/wp-json\/wp\/v2\/comments?post=4676"}],"version-history":[{"count":3,"href":"https:\/\/www.spenle-international.com\/de\/wp-json\/wp\/v2\/pages\/4676\/revisions"}],"predecessor-version":[{"id":10553,"href":"https:\/\/www.spenle-international.com\/de\/wp-json\/wp\/v2\/pages\/4676\/revisions\/10553"}],"wp:attachment":[{"href":"https:\/\/www.spenle-international.com\/de\/wp-json\/wp\/v2\/media?parent=4676"}],"curies":[{"name":"wp","href":"https:\/\/api.w.org\/{rel}","templated":true}]}}